{"id":1184,"date":"2017-02-08T09:59:59","date_gmt":"2017-02-08T09:59:59","guid":{"rendered":"http:\/\/consulting.stylemixthemes.com\/demo\/?page_id=1184"},"modified":"2022-08-08T03:21:45","modified_gmt":"2022-08-08T03:21:45","slug":"contacto-alaro","status":"publish","type":"page","link":"https:\/\/alaro.com.mx\/index.php\/contacto-alaro\/","title":{"rendered":"P\u00e1gina de Contacto"},"content":{"rendered":"\t\t<div data-elementor-type=\"wp-page\" data-elementor-id=\"1184\" class=\"elementor elementor-1184\">\n\t\t\t\t\t\t\t\t\t<section class=\"elementor-section elementor-top-section elementor-element elementor-element-af8baa3 elementor-section-boxed elementor-section-height-default elementor-section-height-default\" data-id=\"af8baa3\" data-element_type=\"section\">\n\t\t\t\t\t\t<div class=\"elementor-container elementor-column-gap-default\">\n\t\t\t\t\t<div class=\"elementor-column elementor-col-100 elementor-top-column elementor-element elementor-element-af8c185\" data-id=\"af8c185\" data-element_type=\"column\" data-settings=\"{&quot;background_background&quot;:&quot;classic&quot;}\">\n\t\t\t<div class=\"elementor-widget-wrap elementor-element-populated\">\n\t\t\t\t\t\t\t\t<div class=\"elementor-element elementor-element-af8caca elementor-widget elementor-widget-vc_custom_heading\" data-id=\"af8caca\" data-element_type=\"widget\" data-widget_type=\"vc_custom_heading.default\">\n\t\t\t\t<div class=\"elementor-widget-container\">\n\t\t\t<div class=\" vc_custom_heading  consulting_heading_font  text_align_justify has_icon\" ><div class=\"icon\" style=\"font-size: 50px; line-height: 50px;\"><i class=\" stm-contact_phone\"><\/i><\/div><h2 style=\"text-align: justify;font-weight:700\" class=\"consulting-custom-title\">Cont\u00e1ctanos\n<\/h2><\/div>\t\t<\/div>\n\t\t\t\t<\/div>\n\t\t\t\t<div class=\"elementor-element elementor-element-af8d1dd elementor-widget elementor-widget-text-editor\" data-id=\"af8d1dd\" data-element_type=\"widget\" data-widget_type=\"text-editor.default\">\n\t\t\t\t<div class=\"elementor-widget-container\">\n\t\t\t<style>\/*! elementor - v3.7.0 - 08-08-2022 *\/\n.elementor-widget-text-editor.elementor-drop-cap-view-stacked .elementor-drop-cap{background-color:#818a91;color:#fff}.elementor-widget-text-editor.elementor-drop-cap-view-framed .elementor-drop-cap{color:#818a91;border:3px solid;background-color:transparent}.elementor-widget-text-editor:not(.elementor-drop-cap-view-default) .elementor-drop-cap{margin-top:8px}.elementor-widget-text-editor:not(.elementor-drop-cap-view-default) .elementor-drop-cap-letter{width:1em;height:1em}.elementor-widget-text-editor .elementor-drop-cap{float:left;text-align:center;line-height:1;font-size:50px}.elementor-widget-text-editor .elementor-drop-cap-letter{display:inline-block}<\/style>\t\t\t\t<p><span class=\"Y2IQFc\" lang=\"es\">H\u00e1ganos saber si tiene alguna pregunta, desea dejar un comentario o desea obtener m\u00e1s informaci\u00f3n.<\/span><\/p>\n\t\t\t\t\t\t<\/div>\n\t\t\t\t<\/div>\n\t\t\t\t<div class=\"elementor-element elementor-element-af8d5ae elementor-widget elementor-widget-vc_custom_heading\" data-id=\"af8d5ae\" data-element_type=\"widget\" data-widget_type=\"vc_custom_heading.default\">\n\t\t\t\t<div class=\"elementor-widget-container\">\n\t\t\t<div class=\" vc_custom_heading border_base_color consulting_heading_font  text_align_left title_no_stripe\" ><h3 style=\"font-size: 20px;color: #222222;text-align: left;line-height: 45px;font-weight:700\" class=\"consulting-custom-title\">Atenci\u00f3n a Clientes\n<\/h3><\/div>\t\t<\/div>\n\t\t\t\t<\/div>\n\t\t\t\t<section class=\"elementor-section elementor-top-section elementor-element elementor-element-af8d9aa elementor-section-boxed elementor-section-height-default elementor-section-height-default\" data-id=\"af8d9aa\" data-element_type=\"section\">\n\t\t\t\t\t\t<div class=\"elementor-container elementor-column-gap-default\">\n\t\t\t\t\t<div class=\"elementor-column elementor-col-50 elementor-top-column elementor-element elementor-element-af8e077\" data-id=\"af8e077\" data-element_type=\"column\" data-settings=\"{&quot;background_background&quot;:&quot;classic&quot;}\">\n\t\t\t<div class=\"elementor-widget-wrap elementor-element-populated\">\n\t\t\t\t\t\t\t\t<div class=\"elementor-element elementor-element-af8e685 elementor-widget elementor-widget-stm_contacts_widget\" data-id=\"af8e685\" data-element_type=\"widget\" data-widget_type=\"stm_contacts_widget.default\">\n\t\t\t\t<div class=\"elementor-widget-container\">\n\t\t\t\n<div class=\"stm_contacts_widget consulting_elementor_contacts_widget style_4 \">\n    \n    \n    \n        <ul>\n                            <li>\n                    <div class=\"icon\"><i class=\"fa fa-map-marker\"><\/i><\/div>\n                    <div class=\"text\">Carretera Poza Rica a San Andres km 5, Parcela 64<br \/>C.P. 93160, Coatzintla, Veracruz, M\u00e9xico<\/div>\n                <\/li>\n                                        <li>\n                    <div class=\"icon\"><i class=\"fa fa-phone\"><\/i><\/div>\n                    <div class=\"text\">\n                        +52 782 825 3119                                            <\/div>\n                <\/li>\n                                                        <\/ul>\n                    <ul class=\"socials\">\n                                    <li><a href=\"https:\/\/www.facebook.com\/GrupoAlaro\" target=\"_blank\" class=\"social-facebook\"><i class=\"fa fa-facebook\"><\/i><\/a><\/li>\n                                                                                            <\/ul>\n        \n    \n<\/div>\t\t<\/div>\n\t\t\t\t<\/div>\n\t\t\t\t\t<\/div>\n\t\t<\/div>\n\t\t\t\t<div class=\"elementor-column elementor-col-50 elementor-top-column elementor-element elementor-element-af8e79e\" data-id=\"af8e79e\" data-element_type=\"column\" data-settings=\"{&quot;background_background&quot;:&quot;classic&quot;}\">\n\t\t\t<div class=\"elementor-widget-wrap elementor-element-populated\">\n\t\t\t\t\t\t\t\t<div class=\"elementor-element elementor-element-af8ed00 elementor-widget elementor-widget-stm_contacts_widget\" data-id=\"af8ed00\" data-element_type=\"widget\" data-widget_type=\"stm_contacts_widget.default\">\n\t\t\t\t<div class=\"elementor-widget-container\">\n\t\t\t\n<div class=\"stm_contacts_widget consulting_elementor_contacts_widget style_4 \">\n    \n    \n    \n        <ul>\n                                                                <li>\n                    <div class=\"icon\"><i class=\"fa fa-envelope\"><\/i><\/div>\n                    <div class=\"text\"><a href=\"mailto:ger&#101;&#110;&#116;&#101;&#46;por&#116;eo&#64;&#97;la&#114;&#111;.c&#111;m&#46;&#109;x\">&#103;&#101;&#114;&#101;nte.&#112;&#111;r&#116;&#101;o&#64;al&#97;ro&#46;&#99;om&#46;&#109;&#120;<\/a><\/div>\n                <\/li>\n                                        <li>\n                    <div class=\"icon\"><i class=\"fa fa-clock-o\" aria-hidden=\"true\"><\/i><\/div>\n                    <div class=\"text\">Lunes\u2013Viernes: 8:00AM\u20136:00PM\nS\u00e1bado:  8:00AM\u20132:00PM\nDomingo: Cerrado<\/div>\n                <\/li>\n                    <\/ul>\n        \n    \n<\/div>\t\t<\/div>\n\t\t\t\t<\/div>\n\t\t\t\t\t<\/div>\n\t\t<\/div>\n\t\t\t\t\t\t\t<\/div>\n\t\t<\/section>\n\t\t\t\t<section class=\"elementor-section elementor-top-section elementor-element elementor-element-af8ee7f elementor-section-boxed elementor-section-height-default elementor-section-height-default\" data-id=\"af8ee7f\" data-element_type=\"section\" data-settings=\"{&quot;background_background&quot;:&quot;classic&quot;}\">\n\t\t\t\t\t\t<div class=\"elementor-container elementor-column-gap-default\">\n\t\t\t\t\t<div class=\"elementor-column elementor-col-50 elementor-top-column elementor-element elementor-element-af8f5a5\" data-id=\"af8f5a5\" data-element_type=\"column\" data-settings=\"{&quot;background_background&quot;:&quot;classic&quot;}\">\n\t\t\t<div class=\"elementor-widget-wrap elementor-element-populated\">\n\t\t\t\t\t\t\t\t<div class=\"elementor-element elementor-element-af8fbe7 elementor-widget elementor-widget-vc_custom_heading\" data-id=\"af8fbe7\" data-element_type=\"widget\" data-widget_type=\"vc_custom_heading.default\">\n\t\t\t\t<div class=\"elementor-widget-container\">\n\t\t\t<div class=\" vc_custom_heading border_base_color consulting_heading_font  text_align_left title_no_stripe\" ><h3 style=\"font-size: 20px;color: #222222;text-align: left;line-height: 45px;font-weight:700\" class=\"consulting-custom-title\">Recursos Humanos\n<\/h3><\/div>\t\t<\/div>\n\t\t\t\t<\/div>\n\t\t\t\t<div class=\"elementor-element elementor-element-af8ff66 elementor-widget elementor-widget-text-editor\" data-id=\"af8ff66\" data-element_type=\"widget\" data-widget_type=\"text-editor.default\">\n\t\t\t\t<div class=\"elementor-widget-container\">\n\t\t\t\t\t\t\t<p>Para mas informaci\u00f3n de como formar parte de nuestro equipo, porfavor cont\u00e1ctanos:<\/p>\n\t\t\t\t\t\t<\/div>\n\t\t\t\t<\/div>\n\t\t\t\t<div class=\"elementor-element elementor-element-af902e2 elementor-widget elementor-widget-stm_contact\" data-id=\"af902e2\" data-element_type=\"widget\" data-widget_type=\"stm_contact.default\">\n\t\t\t\t<div class=\"elementor-widget-container\">\n\t\t\t    <div class=\"stm_contact_two consulting_elementor_contact_ clearfix\">\n                    <div class=\"stm_contact_image\">\n                <img width=\"150\" height=\"150\" src=\"https:\/\/alaro.com.mx\/wp-content\/uploads\/2022\/07\/placeholder-150x150.gif\" class=\"attachment-thumbnail\" alt=\"consulting_placeholder\" title=\"placeholder.gif\" srcset=\"https:\/\/alaro.com.mx\/wp-content\/uploads\/2022\/07\/placeholder-150x150.gif 150w, https:\/\/alaro.com.mx\/wp-content\/uploads\/2022\/07\/placeholder-300x300.gif 300w, https:\/\/alaro.com.mx\/wp-content\/uploads\/2022\/07\/placeholder-100x100.gif 100w, https:\/\/alaro.com.mx\/wp-content\/uploads\/2022\/07\/placeholder-50x50.gif 50w, https:\/\/alaro.com.mx\/wp-content\/uploads\/2022\/07\/placeholder-320x320.gif 320w\" sizes=\"(max-width: 150px) 100vw, 150px\" \/>            <\/div>\n                <div class=\"stm_contact_info\">\n            <h5 class=\"no_stripe\">Departamento de RH<\/h5>\n                            <div class=\"stm_contact_job\">Gerente de Reclutamiento<\/div>\n                                        <div class=\"stm_contact_row\"><i class=\"fa fa-phone\"><\/i> +52 782 825 3662 Ext. 125                    <br\/><\/div>\n                                        <div class=\"stm_contact_row\"><i class=\"fa fa-envelope\"><\/i> <a\n                        href=\"mailto:i&#110;f&#111;rm&#101;s&#64;a&#108;&#97;r&#111;&#46;&#99;&#111;&#109;&#46;mx\">i&#110;&#102;&#111;&#114;m&#101;&#115;&#64;ala&#114;&#111;.&#99;om&#46;m&#120;<\/a>\n                <\/div>\n                                <\/div>\n    <\/div>\n\t\t<\/div>\n\t\t\t\t<\/div>\n\t\t\t\t<div class=\"elementor-element elementor-element-5031c4a elementor-align-center elementor-widget elementor-widget-button\" data-id=\"5031c4a\" data-element_type=\"widget\" data-widget_type=\"button.default\">\n\t\t\t\t<div class=\"elementor-widget-container\">\n\t\t\t\t\t<div class=\"elementor-button-wrapper icon_align_  \">\n\t\t\t<a href=\"https:\/\/alaro.com.mx\/index.php\/bolsa-de-trabajo-2\/postulate\/\" class=\"elementor-button-link elementor-button elementor-size-xs\" role=\"button\">\n\t\t\t\t\t\t<span class=\"elementor-button-content-wrapper\">\n\t\t\t\t\t\t<span class=\"elementor-button-text\">Post\u00falate aqu\u00ed.<\/span>\n\t\t<\/span>\n\t\t\t\t\t<\/a>\n\t\t<\/div>\n\t\t\t\t<\/div>\n\t\t\t\t<\/div>\n\t\t\t\t\t<\/div>\n\t\t<\/div>\n\t\t\t\t<div class=\"elementor-column elementor-col-50 elementor-top-column elementor-element elementor-element-af90ac8\" data-id=\"af90ac8\" data-element_type=\"column\" data-settings=\"{&quot;background_background&quot;:&quot;classic&quot;}\">\n\t\t\t<div class=\"elementor-widget-wrap elementor-element-populated\">\n\t\t\t\t\t\t\t\t<div class=\"elementor-element elementor-element-af91085 elementor-widget elementor-widget-vc_custom_heading\" data-id=\"af91085\" data-element_type=\"widget\" data-widget_type=\"vc_custom_heading.default\">\n\t\t\t\t<div class=\"elementor-widget-container\">\n\t\t\t<div class=\" vc_custom_heading border_base_color consulting_heading_font  text_align_left title_no_stripe\" ><h3 style=\"font-size: 20px;color: #222222;text-align: left;line-height: 45px;font-weight:700\" class=\"consulting-custom-title\">Atenci\u00f3n a Proveedores\n<\/h3><\/div>\t\t<\/div>\n\t\t\t\t<\/div>\n\t\t\t\t<div class=\"elementor-element elementor-element-af913ed elementor-widget elementor-widget-text-editor\" data-id=\"af913ed\" data-element_type=\"widget\" data-widget_type=\"text-editor.default\">\n\t\t\t\t<div class=\"elementor-widget-container\">\n\t\t\t\t\t\t\t<p><span style=\"display: block; line-height: 22px;\">If you are a member of the press and would like to speak with someone at Consulting, please contact:<\/span><\/p>\n\t\t\t\t\t\t<\/div>\n\t\t\t\t<\/div>\n\t\t\t\t<div class=\"elementor-element elementor-element-af91765 elementor-widget elementor-widget-stm_contact\" data-id=\"af91765\" data-element_type=\"widget\" data-widget_type=\"stm_contact.default\">\n\t\t\t\t<div class=\"elementor-widget-container\">\n\t\t\t    <div class=\"stm_contact_two consulting_elementor_contact_ clearfix\">\n                    <div class=\"stm_contact_image\">\n                <img width=\"150\" height=\"150\" src=\"https:\/\/alaro.com.mx\/wp-content\/uploads\/2022\/07\/placeholder-150x150.gif\" class=\"attachment-thumbnail\" alt=\"consulting_placeholder\" title=\"placeholder.gif\" srcset=\"https:\/\/alaro.com.mx\/wp-content\/uploads\/2022\/07\/placeholder-150x150.gif 150w, https:\/\/alaro.com.mx\/wp-content\/uploads\/2022\/07\/placeholder-300x300.gif 300w, https:\/\/alaro.com.mx\/wp-content\/uploads\/2022\/07\/placeholder-100x100.gif 100w, https:\/\/alaro.com.mx\/wp-content\/uploads\/2022\/07\/placeholder-50x50.gif 50w, https:\/\/alaro.com.mx\/wp-content\/uploads\/2022\/07\/placeholder-320x320.gif 320w\" sizes=\"(max-width: 150px) 100vw, 150px\" \/>            <\/div>\n                <div class=\"stm_contact_info\">\n            <h5 class=\"no_stripe\">DEPARTAMENTO DE  VENTAS<\/h5>\n                            <div class=\"stm_contact_job\">Gerente deVentas<\/div>\n                                        <div class=\"stm_contact_row\"><i class=\"fa fa-phone\"><\/i> +52 782 130 5867                    <br\/>+52 782 825 3662 Ext. 116<\/div>\n                                        <div class=\"stm_contact_row\"><i class=\"fa fa-envelope\"><\/i> <a\n                        href=\"mailto:ge&#114;e&#110;&#116;e&#46;v&#101;n&#116;&#97;&#115;&#64;al&#97;r&#111;.c&#111;&#109;.m&#120;\">g&#101;&#114;&#101;nt&#101;&#46;&#118;en&#116;&#97;s&#64;&#97;&#108;&#97;ro.&#99;&#111;m.mx<\/a>\n                <\/div>\n                                <\/div>\n    <\/div>\n\t\t<\/div>\n\t\t\t\t<\/div>\n\t\t\t\t\t<\/div>\n\t\t<\/div>\n\t\t\t\t\t\t\t<\/div>\n\t\t<\/section>\n\t\t\t\t\t<\/div>\n\t\t<\/div>\n\t\t\t\t<div class=\"elementor-column elementor-col-100 elementor-top-column elementor-element elementor-element-af91ad3\" data-id=\"af91ad3\" data-element_type=\"column\">\n\t\t\t<div class=\"elementor-widget-wrap elementor-element-populated\">\n\t\t\t\t\t\t\t\t<div class=\"elementor-element elementor-element-af92120 elementor-widget elementor-widget-vc_custom_heading\" data-id=\"af92120\" data-element_type=\"widget\" data-widget_type=\"vc_custom_heading.default\">\n\t\t\t\t<div class=\"elementor-widget-container\">\n\t\t\t<div class=\" vc_custom_heading  consulting_heading_font  text_align_left\" ><h4 style=\"text-align: left;font-weight:700\" class=\"consulting-custom-title\">Formulario de Contacto\n<\/h4><\/div>\t\t<\/div>\n\t\t\t\t<\/div>\n\t\t\t\t<div class=\"elementor-element elementor-element-af9241f elementor-widget elementor-widget-stm_contact_form_7\" data-id=\"af9241f\" data-element_type=\"widget\" data-widget_type=\"stm_contact_form_7.default\">\n\t\t\t\t<div class=\"elementor-widget-container\">\n\t\t\t<div role=\"form\" class=\"wpcf7\" id=\"wpcf7-f1178-o1\" lang=\"en-US\" dir=\"ltr\">\n<div class=\"screen-reader-response\"><p role=\"status\" aria-live=\"polite\" aria-atomic=\"true\"><\/p> <ul><\/ul><\/div>\n<form action=\"\/index.php\/wp-json\/wp\/v2\/pages\/1184#wpcf7-f1178-o1\" method=\"post\" class=\"wpcf7-form init\" novalidate=\"novalidate\" data-status=\"init\">\n<div style=\"display: none;\">\n<input type=\"hidden\" name=\"_wpcf7\" value=\"1178\" \/>\n<input type=\"hidden\" name=\"_wpcf7_version\" value=\"5.6.2\" \/>\n<input type=\"hidden\" name=\"_wpcf7_locale\" value=\"en_US\" \/>\n<input type=\"hidden\" name=\"_wpcf7_unit_tag\" value=\"wpcf7-f1178-o1\" \/>\n<input type=\"hidden\" name=\"_wpcf7_container_post\" value=\"0\" \/>\n<input type=\"hidden\" name=\"_wpcf7_posted_data_hash\" value=\"\" \/>\n<input type=\"hidden\" name=\"_wpcf7_recaptcha_response\" value=\"\" \/>\n<\/div>\n<div class=\"feedback_form\">\n<div class=\"input-group\">\n            <span class=\"wpcf7-form-control-wrap\" data-name=\"message\"><textarea name=\"message\" cols=\"40\" rows=\"10\" class=\"wpcf7-form-control wpcf7-textarea wpcf7-validates-as-required height147\" aria-required=\"true\" aria-invalid=\"false\" placeholder=\"Mensaje *\"><\/textarea><\/span>\n        <\/div>\n<div class=\"input-group\">\n            <span class=\"wpcf7-form-control-wrap\" data-name=\"text-name\"><input type=\"text\" name=\"text-name\" value=\"\" size=\"40\" class=\"wpcf7-form-control wpcf7-text wpcf7-validates-as-required\" aria-required=\"true\" aria-invalid=\"false\" placeholder=\"Nombre *\" \/><\/span>\n        <\/div>\n<div class=\"input-group\">\n            <span class=\"wpcf7-form-control-wrap\" data-name=\"email\"><input type=\"email\" name=\"email\" value=\"\" size=\"40\" class=\"wpcf7-form-control wpcf7-text wpcf7-email wpcf7-validates-as-required wpcf7-validates-as-email\" aria-required=\"true\" aria-invalid=\"false\" placeholder=\"E-mail *\" \/><\/span>\n        <\/div>\n<div class=\"input-group\">\n            <span class=\"wpcf7-form-control-wrap\" data-name=\"menu-774\"><select name=\"menu-774\" class=\"wpcf7-form-control wpcf7-select wpcf7-validates-as-required\" aria-required=\"true\" aria-invalid=\"false\"><option value=\"\">Raz\u00f3n de Contacto *<\/option><option value=\"Deseo recibir m\u00e1s informaci\u00f3n\">Deseo recibir m\u00e1s informaci\u00f3n<\/option><option value=\"Deseo ser visitado en mi tienda\">Deseo ser visitado en mi tienda<\/option><\/select><\/span>\n        <\/div>\n<div class=\"input-group\">\n            <span class=\"wpcf7-form-control-wrap\" data-name=\"menu-363\"><select name=\"menu-363\" class=\"wpcf7-form-control wpcf7-select wpcf7-validates-as-required\" aria-required=\"true\" aria-invalid=\"false\"><option value=\"\">Area de Inter\u00e9s *<\/option><option value=\"Servicio de Porteo\">Servicio de Porteo<\/option><option value=\"Servicio de Pre-Venta\">Servicio de Pre-Venta<\/option><option value=\"Venta en Mostrador\">Venta en Mostrador<\/option><option value=\"Servicio de Promotor\u00eda\">Servicio de Promotor\u00eda<\/option><option value=\"Bolsa de Trabajo\">Bolsa de Trabajo<\/option><\/select><\/span>\n        <\/div>\n<div class=\"input-group\">\n            <button type=\"submit\" class=\"button size-lg icon_right\">ENVIAR<i class=\"fa fa-chevron-right\"><\/i><\/button>\n        <\/div>\n<\/div>\n<p style=\"display: none !important;\"><label>&#916;<textarea name=\"_wpcf7_ak_hp_textarea\" cols=\"45\" rows=\"8\" maxlength=\"100\"><\/textarea><\/label><input type=\"hidden\" id=\"ak_js_1\" name=\"_wpcf7_ak_js\" value=\"45\"\/><script>document.getElementById( \"ak_js_1\" ).setAttribute( \"value\", ( new Date() ).getTime() );<\/script><\/p><div class=\"wpcf7-response-output\" aria-hidden=\"true\"><\/div><\/form><\/div>\t\t\t\t<\/div>\n\t\t\t\t<\/div>\n\t\t\t\t\t<\/div>\n\t\t<\/div>\n\t\t\t\t\t\t\t<\/div>\n\t\t<\/section>\n\t\t\t\t<section class=\"elementor-section elementor-top-section elementor-element elementor-element-af92541 elementor-section-full_width elementor-section-height-default elementor-section-height-default\" data-id=\"af92541\" data-element_type=\"section\" data-settings=\"{&quot;background_background&quot;:&quot;classic&quot;}\">\n\t\t\t\t\t\t<div class=\"elementor-container elementor-column-gap-no\">\n\t\t\t\t\t<div class=\"elementor-column elementor-col-100 elementor-top-column elementor-element elementor-element-af92c97\" data-id=\"af92c97\" data-element_type=\"column\">\n\t\t\t<div class=\"elementor-widget-wrap elementor-element-populated\">\n\t\t\t\t\t\t\t\t<div class=\"elementor-element elementor-element-af9331c elementor-widget elementor-widget-google_maps\" data-id=\"af9331c\" data-element_type=\"widget\" data-widget_type=\"google_maps.default\">\n\t\t\t\t<div class=\"elementor-widget-container\">\n\t\t\t<style>\/*! elementor - v3.7.0 - 08-08-2022 *\/\n.elementor-widget-google_maps .elementor-widget-container{overflow:hidden}.elementor-widget-google_maps iframe{height:300px}<\/style>\t\t<div class=\"elementor-custom-embed\">\n\t\t\t<iframe frameborder=\"0\" scrolling=\"no\" marginheight=\"0\" marginwidth=\"0\"\n\t\t\t\t\tsrc=\"https:\/\/maps.google.com\/maps?q=Grupo%20Alaro&#038;t=m&#038;z=15&#038;output=embed&#038;iwloc=near\"\n\t\t\t\t\ttitle=\"Grupo Alaro\"\n\t\t\t\t\taria-label=\"Grupo Alaro\"\n\t\t\t><\/iframe>\n\t\t<\/div>\n\t\t\t\t<\/div>\n\t\t\t\t<\/div>\n\t\t\t\t\t<\/div>\n\t\t<\/div>\n\t\t\t\t\t\t\t<\/div>\n\t\t<\/section>\n\t\t\t\t\t\t\t<\/div>\n\t\t","protected":false},"excerpt":{"rendered":"<p>Cont\u00e1ctanos H\u00e1ganos saber si tiene alguna pregunta, desea dejar un comentario o desea obtener m\u00e1s informaci\u00f3n. Atenci\u00f3n a Clientes Carretera Poza Rica a San Andres km 5, Parcela 64C.P. 93160, Coatzintla, Veracruz, M\u00e9xico +52 782 825 3119 &#103;er&#101;n&#116;e.&#112;&#111;r&#116;&#101;&#111;&#64;a&#108;a&#114;&#111;&#46;c&#111;&#109;.&#109;&#120; Lunes\u2013Viernes: 8:00AM\u20136:00PM S\u00e1bado: 8:00AM\u20132:00PM Domingo: Cerrado Recursos Humanos Para mas informaci\u00f3n de como formar parte de nuestro<\/p>\n","protected":false},"author":1,"featured_media":0,"parent":0,"menu_order":0,"comment_status":"closed","ping_status":"closed","template":"","meta":{"om_disable_all_campaigns":false,"_monsterinsights_skip_tracking":false,"_monsterinsights_sitenote_active":false,"_monsterinsights_sitenote_note":"","_monsterinsights_sitenote_category":0},"aioseo_notices":[],"_links":{"self":[{"href":"https:\/\/alaro.com.mx\/index.php\/wp-json\/wp\/v2\/pages\/1184"}],"collection":[{"href":"https:\/\/alaro.com.mx\/index.php\/wp-json\/wp\/v2\/pages"}],"about":[{"href":"https:\/\/alaro.com.mx\/index.php\/wp-json\/wp\/v2\/types\/page"}],"author":[{"embeddable":true,"href":"https:\/\/alaro.com.mx\/index.php\/wp-json\/wp\/v2\/users\/1"}],"replies":[{"embeddable":true,"href":"https:\/\/alaro.com.mx\/index.php\/wp-json\/wp\/v2\/comments?post=1184"}],"version-history":[{"count":29,"href":"https:\/\/alaro.com.mx\/index.php\/wp-json\/wp\/v2\/pages\/1184\/revisions"}],"predecessor-version":[{"id":8438,"href":"https:\/\/alaro.com.mx\/index.php\/wp-json\/wp\/v2\/pages\/1184\/revisions\/8438"}],"wp:attachment":[{"href":"https:\/\/alaro.com.mx\/index.php\/wp-json\/wp\/v2\/media?parent=1184"}],"curies":[{"name":"wp","href":"https:\/\/api.w.org\/{rel}","templated":true}]}}