{"id":408,"date":"2016-01-07T09:31:53","date_gmt":"2016-01-07T09:31:53","guid":{"rendered":"http:\/\/demo3.loc\/?page_id=408"},"modified":"2022-08-08T02:29:40","modified_gmt":"2022-08-08T02:29:40","slug":"bolsa-de-trabajo-2","status":"publish","type":"page","link":"https:\/\/alaro.com.mx\/index.php\/bolsa-de-trabajo-2\/","title":{"rendered":"Bolsa de Trabajo"},"content":{"rendered":"\t\t<div data-elementor-type=\"wp-page\" data-elementor-id=\"408\" class=\"elementor elementor-408\">\n\t\t\t\t\t\t\t\t\t<section class=\"elementor-section elementor-top-section elementor-element elementor-element-72a5b57 elementor-section-boxed elementor-section-height-default elementor-section-height-default\" data-id=\"72a5b57\" data-element_type=\"section\" data-settings=\"{&quot;background_background&quot;:&quot;classic&quot;}\">\n\t\t\t\t\t\t<div class=\"elementor-container elementor-column-gap-default\">\n\t\t\t\t\t<div class=\"elementor-column elementor-col-75 elementor-top-column elementor-element elementor-element-72a60a4\" data-id=\"72a60a4\" data-element_type=\"column\">\n\t\t\t<div class=\"elementor-widget-wrap elementor-element-populated\">\n\t\t\t\t\t\t\t\t<div class=\"elementor-element elementor-element-72a64c0 elementor-widget elementor-widget-text-editor\" data-id=\"72a64c0\" data-element_type=\"widget\" data-widget_type=\"text-editor.default\">\n\t\t\t\t<div class=\"elementor-widget-container\">\n\t\t\t<style>\/*! elementor - v3.7.0 - 08-08-2022 *\/\n.elementor-widget-text-editor.elementor-drop-cap-view-stacked .elementor-drop-cap{background-color:#818a91;color:#fff}.elementor-widget-text-editor.elementor-drop-cap-view-framed .elementor-drop-cap{color:#818a91;border:3px solid;background-color:transparent}.elementor-widget-text-editor:not(.elementor-drop-cap-view-default) .elementor-drop-cap{margin-top:8px}.elementor-widget-text-editor:not(.elementor-drop-cap-view-default) .elementor-drop-cap-letter{width:1em;height:1em}.elementor-widget-text-editor .elementor-drop-cap{float:left;text-align:center;line-height:1;font-size:50px}.elementor-widget-text-editor .elementor-drop-cap-letter{display:inline-block}<\/style>\t\t\t\t<h2>forma parte de nuestro equipo<\/h2>\n<p>Consulting WP is the name of a collection of individuals who believe in excellence. We specialize in hiring people who have the drive to succeed and the will to implement the discipline required to succeed. We focus on nurturing our team and providing our team an environment that is conductive to creative thought. We focus on eliminating stress and pressure so our team can think clearly and creatively.<\/p>\n\t\t\t\t\t\t<\/div>\n\t\t\t\t<\/div>\n\t\t\t\t<div class=\"elementor-element elementor-element-72a671e elementor-widget elementor-widget-accordion\" data-id=\"72a671e\" data-element_type=\"widget\" data-widget_type=\"accordion.default\">\n\t\t\t\t<div class=\"elementor-widget-container\">\n\t\t\t<style>\/*! elementor - v3.7.0 - 08-08-2022 *\/\n.elementor-accordion{text-align:left}.elementor-accordion .elementor-accordion-item{border:1px solid #d4d4d4}.elementor-accordion .elementor-accordion-item+.elementor-accordion-item{border-top:none}.elementor-accordion .elementor-tab-title{margin:0;padding:15px 20px;font-weight:700;line-height:1;cursor:pointer;outline:none}.elementor-accordion .elementor-tab-title .elementor-accordion-icon{display:inline-block;width:1.5em}.elementor-accordion .elementor-tab-title .elementor-accordion-icon svg{width:1em;height:1em}.elementor-accordion .elementor-tab-title .elementor-accordion-icon.elementor-accordion-icon-right{float:right;text-align:right}.elementor-accordion .elementor-tab-title .elementor-accordion-icon.elementor-accordion-icon-left{float:left;text-align:left}.elementor-accordion .elementor-tab-title .elementor-accordion-icon .elementor-accordion-icon-closed{display:block}.elementor-accordion .elementor-tab-title .elementor-accordion-icon .elementor-accordion-icon-opened,.elementor-accordion .elementor-tab-title.elementor-active .elementor-accordion-icon-closed{display:none}.elementor-accordion .elementor-tab-title.elementor-active .elementor-accordion-icon-opened{display:block}.elementor-accordion .elementor-tab-content{display:none;padding:15px 20px;border-top:1px solid #d4d4d4}@media (max-width:767px){.elementor-accordion .elementor-tab-title{padding:12px 15px}.elementor-accordion .elementor-tab-title .elementor-accordion-icon{width:1.2em}.elementor-accordion .elementor-tab-content{padding:7px 15px}}.e-container>.elementor-widget-accordion{width:var(--container-widget-width,100%)}<\/style>\t\t<div class=\"elementor-accordion\" role=\"tablist\">\n\t\t\t\t\t\t\t<div class=\"elementor-accordion-item\">\n\t\t\t\t\t<div id=\"elementor-tab-title-1201\" class=\"elementor-tab-title\" data-tab=\"1\" role=\"tab\" aria-controls=\"elementor-tab-content-1201\" aria-expanded=\"false\">\n\t\t\t\t\t\t\t\t\t\t\t\t\t<span class=\"elementor-accordion-icon elementor-accordion-icon-left\" aria-hidden=\"true\">\n\t\t\t\t\t\t\t\t\t\t\t\t\t\t\t<span class=\"elementor-accordion-icon-closed\"><i class=\"fas fa-plus\"><\/i><\/span>\n\t\t\t\t\t\t\t\t<span class=\"elementor-accordion-icon-opened\"><i class=\"fas fa-minus\"><\/i><\/span>\n\t\t\t\t\t\t\t\t\t\t\t\t\t\t<\/span>\n\t\t\t\t\t\t\t\t\t\t\t\t<a class=\"elementor-accordion-title\" href=\"\">What does Consulting WP do?<\/a>\n\t\t\t\t\t<\/div>\n\t\t\t\t\t<div id=\"elementor-tab-content-1201\" class=\"elementor-tab-content elementor-clearfix\" data-tab=\"1\" role=\"tabpanel\" aria-labelledby=\"elementor-tab-title-1201\"><p>When you work at Consulting WP, you get to be part of a team that is known for its performance. We are efficiency driven professionals who focus on the endgame.<\/p>\n<\/div>\n\t\t\t\t<\/div>\n\t\t\t\t\t\t\t<div class=\"elementor-accordion-item\">\n\t\t\t\t\t<div id=\"elementor-tab-title-1202\" class=\"elementor-tab-title\" data-tab=\"2\" role=\"tab\" aria-controls=\"elementor-tab-content-1202\" aria-expanded=\"false\">\n\t\t\t\t\t\t\t\t\t\t\t\t\t<span class=\"elementor-accordion-icon elementor-accordion-icon-left\" aria-hidden=\"true\">\n\t\t\t\t\t\t\t\t\t\t\t\t\t\t\t<span class=\"elementor-accordion-icon-closed\"><i class=\"fas fa-plus\"><\/i><\/span>\n\t\t\t\t\t\t\t\t<span class=\"elementor-accordion-icon-opened\"><i class=\"fas fa-minus\"><\/i><\/span>\n\t\t\t\t\t\t\t\t\t\t\t\t\t\t<\/span>\n\t\t\t\t\t\t\t\t\t\t\t\t<a class=\"elementor-accordion-title\" href=\"\">What industries do you specialize in?<\/a>\n\t\t\t\t\t<\/div>\n\t\t\t\t\t<div id=\"elementor-tab-content-1202\" class=\"elementor-tab-content elementor-clearfix\" data-tab=\"2\" role=\"tabpanel\" aria-labelledby=\"elementor-tab-title-1202\"><p>Consulting WP focuses not just on recruiting individuals that are performance oriented but also on developing them. To us it is important to ensure that our clients are satisfied and are being served with the care and respect they deserve.<\/p>\n<\/div>\n\t\t\t\t<\/div>\n\t\t\t\t\t\t\t<div class=\"elementor-accordion-item\">\n\t\t\t\t\t<div id=\"elementor-tab-title-1203\" class=\"elementor-tab-title\" data-tab=\"3\" role=\"tab\" aria-controls=\"elementor-tab-content-1203\" aria-expanded=\"false\">\n\t\t\t\t\t\t\t\t\t\t\t\t\t<span class=\"elementor-accordion-icon elementor-accordion-icon-left\" aria-hidden=\"true\">\n\t\t\t\t\t\t\t\t\t\t\t\t\t\t\t<span class=\"elementor-accordion-icon-closed\"><i class=\"fas fa-plus\"><\/i><\/span>\n\t\t\t\t\t\t\t\t<span class=\"elementor-accordion-icon-opened\"><i class=\"fas fa-minus\"><\/i><\/span>\n\t\t\t\t\t\t\t\t\t\t\t\t\t\t<\/span>\n\t\t\t\t\t\t\t\t\t\t\t\t<a class=\"elementor-accordion-title\" href=\"\">Can you help us raise money?<\/a>\n\t\t\t\t\t<\/div>\n\t\t\t\t\t<div id=\"elementor-tab-content-1203\" class=\"elementor-tab-content elementor-clearfix\" data-tab=\"3\" role=\"tabpanel\" aria-labelledby=\"elementor-tab-title-1203\"><p>Once we see the potential in someone and recruit them we ensure that they get an environment in which they can actually realize their potential. Stress and pressure are the enemies of productivity and creativity, we aim to decrease them as much as possible.<\/p>\n<\/div>\n\t\t\t\t<\/div>\n\t\t\t\t\t\t\t\t<\/div>\n\t\t\t\t<\/div>\n\t\t\t\t<\/div>\n\t\t\t\t<section class=\"elementor-section elementor-top-section elementor-element elementor-element-72a7f7e elementor-section-boxed elementor-section-height-default elementor-section-height-default\" data-id=\"72a7f7e\" data-element_type=\"section\" data-settings=\"{&quot;background_background&quot;:&quot;classic&quot;}\">\n\t\t\t\t\t\t<div class=\"elementor-container elementor-column-gap-default\">\n\t\t\t\t\t<div class=\"elementor-column elementor-col-50 elementor-top-column elementor-element elementor-element-72a8437\" data-id=\"72a8437\" data-element_type=\"column\">\n\t\t\t<div class=\"elementor-widget-wrap elementor-element-populated\">\n\t\t\t\t\t\t\t\t<div class=\"elementor-element elementor-element-72a87e9 elementor-aspect-ratio-169 elementor-widget elementor-widget-video\" data-id=\"72a87e9\" data-element_type=\"widget\" data-settings=\"{&quot;youtube_url&quot;:&quot;https:\\\/\\\/www.youtube.com\\\/embed\\\/TJNuV4YfqLk&amp;autoplay=1&quot;,&quot;image_overlay&quot;:{&quot;url&quot;:&quot;https:\\\/\\\/alaro.com.mx\\\/wp-content\\\/uploads\\\/2022\\\/07\\\/placeholder.gif&quot;,&quot;id&quot;:18},&quot;show_image_overlay&quot;:&quot;yes&quot;,&quot;lightbox&quot;:&quot;yes&quot;,&quot;mute&quot;:&quot;yes&quot;,&quot;video_type&quot;:&quot;youtube&quot;,&quot;controls&quot;:&quot;yes&quot;,&quot;aspect_ratio&quot;:&quot;169&quot;}\" data-widget_type=\"video.default\">\n\t\t\t\t<div class=\"elementor-widget-container\">\n\t\t\t<style>\/*! elementor - v3.7.0 - 08-08-2022 *\/\n.elementor-widget-video .elementor-widget-container{overflow:hidden;-webkit-transform:translateZ(0);transform:translateZ(0)}.elementor-widget-video .elementor-open-inline .elementor-custom-embed-image-overlay{position:absolute;top:0;left:0;width:100%;height:100%;background-size:cover;background-position:50%}.elementor-widget-video .elementor-custom-embed-image-overlay{cursor:pointer;text-align:center}.elementor-widget-video .elementor-custom-embed-image-overlay:hover .elementor-custom-embed-play i{opacity:1}.elementor-widget-video .elementor-custom-embed-image-overlay img{display:block;width:100%}.elementor-widget-video .e-hosted-video .elementor-video{-o-object-fit:cover;object-fit:cover}.e-container>.elementor-widget-video{width:var(--container-widget-width,100%)}<\/style>\t\t<div class=\"elementor-wrapper elementor-open-lightbox\">\n\t\t\t\t\t\t\t<div class=\"elementor-custom-embed-image-overlay\" data-elementor-open-lightbox=\"yes\" data-elementor-lightbox=\"{&quot;type&quot;:&quot;video&quot;,&quot;videoType&quot;:&quot;youtube&quot;,&quot;url&quot;:&quot;https:\\\/\\\/www.youtube.com\\\/embed\\\/TJNuV4YfqLk?feature=oembed&amp;start&amp;end&amp;wmode=opaque&amp;loop=0&amp;controls=1&amp;mute=1&amp;rel=0&amp;modestbranding=0&quot;,&quot;modalOptions&quot;:{&quot;id&quot;:&quot;elementor-lightbox-72a87e9&quot;,&quot;entranceAnimation&quot;:&quot;&quot;,&quot;entranceAnimation_tablet&quot;:&quot;&quot;,&quot;entranceAnimation_mobile&quot;:&quot;&quot;,&quot;videoAspectRatio&quot;:&quot;169&quot;}}\" e-action-hash=\"#elementor-action%3Aaction%3Dlightbox%26settings%3DeyJ0eXBlIjoidmlkZW8iLCJ2aWRlb1R5cGUiOiJ5b3V0dWJlIiwidXJsIjoiaHR0cHM6XC9cL3d3dy55b3V0dWJlLmNvbVwvZW1iZWRcL1RKTnVWNFlmcUxrP2ZlYXR1cmU9b2VtYmVkJnN0YXJ0JmVuZCZ3bW9kZT1vcGFxdWUmbG9vcD0wJmNvbnRyb2xzPTEmbXV0ZT0xJnJlbD0wJm1vZGVzdGJyYW5kaW5nPTAiLCJtb2RhbE9wdGlvbnMiOnsiaWQiOiJlbGVtZW50b3ItbGlnaHRib3gtNzJhODdlOSIsImVudHJhbmNlQW5pbWF0aW9uIjoiIiwiZW50cmFuY2VBbmltYXRpb25fdGFibGV0IjoiIiwiZW50cmFuY2VBbmltYXRpb25fbW9iaWxlIjoiIiwidmlkZW9Bc3BlY3RSYXRpbyI6IjE2OSJ9fQ%3D%3D\">\n\t\t\t\t\t\t\t\t\t\t\t<img width=\"1920\" height=\"1280\" src=\"https:\/\/alaro.com.mx\/wp-content\/uploads\/2022\/07\/placeholder.gif\" class=\"attachment-full size-full\" alt=\"consulting_placeholder\" \/>\t\t\t\t\t\t\t\t\t\t\t\t\t\t\t\t<div class=\"elementor-custom-embed-play\" role=\"button\" aria-label=\"Reproducir v\u00eddeo\" tabindex=\"0\">\n\t\t\t\t\t\t\t<i aria-hidden=\"true\" class=\"eicon-play\"><\/i>\t\t\t\t\t\t\t<span class=\"elementor-screen-only\">Reproducir v\u00eddeo<\/span>\n\t\t\t\t\t\t<\/div>\n\t\t\t\t\t\t\t\t\t<\/div>\n\t\t\t\t\t<\/div>\n\t\t\t\t<\/div>\n\t\t\t\t<\/div>\n\t\t\t\t\t<\/div>\n\t\t<\/div>\n\t\t\t\t<div class=\"elementor-column elementor-col-50 elementor-top-column elementor-element elementor-element-72a8b52\" data-id=\"72a8b52\" data-element_type=\"column\">\n\t\t\t<div class=\"elementor-widget-wrap elementor-element-populated\">\n\t\t\t\t\t\t\t\t<div class=\"elementor-element elementor-element-72a8fa6 elementor-widget elementor-widget-vc_custom_heading\" data-id=\"72a8fa6\" data-element_type=\"widget\" data-widget_type=\"vc_custom_heading.default\">\n\t\t\t\t<div class=\"elementor-widget-container\">\n\t\t\t<div class=\" vc_custom_heading no_stripe remove_padding consulting_heading_font  text_align_left\" ><h4 style=\"color: #222222;text-align: left;font-weight:700\" class=\"consulting-custom-title\">benefits and rewards\n<\/h4><\/div>\t\t<\/div>\n\t\t\t\t<\/div>\n\t\t\t\t<div class=\"elementor-element elementor-element-72a932f elementor-widget elementor-widget-text-editor\" data-id=\"72a932f\" data-element_type=\"widget\" data-widget_type=\"text-editor.default\">\n\t\t\t\t<div class=\"elementor-widget-container\">\n\t\t\t\t\t\t\t<p>We care for our clients&#8217; business as our business. We think and act like business partners, not academic advisors. We share our clients&#8217; aspirations, work to understand their reality, and align our incentives with their objectives \u2014 so they know we&#8217;re in this together.<\/p>\n<p>Personal impact, mentoring, and teamwork are just a few of the benefits of building a career at Consulting WP.<\/p>\n\t\t\t\t\t\t<\/div>\n\t\t\t\t<\/div>\n\t\t\t\t\t<\/div>\n\t\t<\/div>\n\t\t\t\t\t\t\t<\/div>\n\t\t<\/section>\n\t\t\t\t<div class=\"elementor-element elementor-element-72a95c8 elementor-widget elementor-widget-vc_custom_heading\" data-id=\"72a95c8\" data-element_type=\"widget\" data-widget_type=\"vc_custom_heading.default\">\n\t\t\t\t<div class=\"elementor-widget-container\">\n\t\t\t<div class=\" vc_custom_heading no_stripe consulting_heading_font  text_align_left\" ><h4 style=\"color: #222222;text-align: left;font-weight:700\" class=\"consulting-custom-title\">open positions\n<\/h4><\/div>\t\t<\/div>\n\t\t\t\t<\/div>\n\t\t\t\t<div class=\"elementor-element elementor-element-72a982d elementor-widget elementor-widget-stm_vacancies\" data-id=\"72a982d\" data-element_type=\"widget\" data-widget_type=\"stm_vacancies.default\">\n\t\t\t\t<div class=\"elementor-widget-container\">\n\t\t\t    <div class=\"vacancy_table_wr consulting_elementor_vacancies style_1\">\n\n        \n            <table class=\"vacancy_table\" id=\"vacancy_table_326093857\">\n                <thead>\n                <tr>\n                    <th>Job Posting Title<\/th>\n                    <th class=\"location\">Location<\/th>\n                    <th>Department<\/th>\n                    <th>Date<\/th>\n                <\/tr>\n                <\/thead>\n                <tbody>\n\n                                    <tr>\n                        <td><a href=\"https:\/\/alaro.com.mx\/index.php\/careers_archive\/ayudante-de-reparto\/\">Ayudante de Reparto<\/a><\/td>\n                        <td class=\"location\">Coatzintla, Veracruz<\/td>\n                        <td>Log\u00edstica<\/td>\n                        <td>1 de agosto de 2022<\/td>\n                    <\/tr>\n                                    <tr>\n                        <td><a href=\"https:\/\/alaro.com.mx\/index.php\/careers_archive\/senior-programme-manager\/\">Promotor de Autoservicios<\/a><\/td>\n                        <td class=\"location\">Coatzintla, Veracruz<\/td>\n                        <td>Ventas<\/td>\n                        <td>1 de agosto de 2022<\/td>\n                    <\/tr>\n                                    <tr>\n                        <td><a href=\"https:\/\/alaro.com.mx\/index.php\/careers_archive\/chofer-repartidor\/\">Chofer Repartidor<\/a><\/td>\n                        <td class=\"location\">Coatzintla, Veracruz<\/td>\n                        <td>Log\u00edstica<\/td>\n                        <td>1 de agosto de 2022<\/td>\n                    <\/tr>\n                                    <tr>\n                        <td><a href=\"https:\/\/alaro.com.mx\/index.php\/careers_archive\/agente-de-ventas\/\">Agente de Ventas<\/a><\/td>\n                        <td class=\"location\">Coatzintla, Veracruz<\/td>\n                        <td>Ventas<\/td>\n                        <td>1 de agosto de 2022<\/td>\n                    <\/tr>\n                \n                <\/tbody>\n            <\/table>\n\n        \n        <script type=\"text\/javascript\">\n            jQuery(document).ready(function ($) {\n                $(\"#vacancy_table_326093857\").tablesorter();\n            });\n        <\/script>\n    <\/div>\n\t\t<\/div>\n\t\t\t\t<\/div>\n\t\t\t\t\t<\/div>\n\t\t<\/div>\n\t\t\t\t<div class=\"elementor-column elementor-col-25 elementor-top-column elementor-element elementor-element-72a98fe\" data-id=\"72a98fe\" data-element_type=\"column\">\n\t\t\t<div class=\"elementor-widget-wrap elementor-element-populated\">\n\t\t\t\t\t\t\t\t<div class=\"elementor-element elementor-element-72a9d3e elementor-widget elementor-widget-stm_sidebar\" data-id=\"72a9d3e\" data-element_type=\"widget\" data-widget_type=\"stm_sidebar.default\">\n\t\t\t\t<div class=\"elementor-widget-container\">\n\t\t\t\n<div class=\"stm_sidebar consulting_elementor_sidebar\">\n\n            \t\t<div data-elementor-type=\"wp-post\" data-elementor-id=\"311\" class=\"elementor elementor-311\">\n\t\t\t\t\t\t\t\t\t<section class=\"elementor-section elementor-top-section elementor-element elementor-element-8b31791 elementor-section-boxed elementor-section-height-default elementor-section-height-default\" data-id=\"8b31791\" data-element_type=\"section\" data-settings=\"{&quot;background_background&quot;:&quot;classic&quot;}\">\n\t\t\t\t\t\t<div class=\"elementor-container elementor-column-gap-default\">\n\t\t\t\t\t<div class=\"elementor-column elementor-col-100 elementor-top-column elementor-element elementor-element-8b31c52\" data-id=\"8b31c52\" data-element_type=\"column\">\n\t\t\t<div class=\"elementor-widget-wrap elementor-element-populated\">\n\t\t\t\t\t\t\t\t<div class=\"elementor-element elementor-element-8b328b5 elementor-align-left elementor-widget elementor-widget-button\" data-id=\"8b328b5\" data-element_type=\"widget\" data-widget_type=\"button.default\">\n\t\t\t\t<div class=\"elementor-widget-container\">\n\t\t\t\t\t<div class=\"elementor-button-wrapper icon_align_right  button_block\">\n\t\t\t<a href=\"https:\/\/alaro.com.mx\/wp-content\/uploads\/2019\/09\/PRESENTACION_GRUPO_ALARO.pdf\" class=\"elementor-button-link elementor-button elementor-size-lg\" role=\"button\">\n\t\t\t\t\t\t<span class=\"elementor-button-content-wrapper\">\n\t\t\t\t\t\t\t<span class=\"elementor-button-icon elementor-align-icon-right\">\n\t\t\t\t<i aria-hidden=\"true\" class=\"fas fa-download\"><\/i>\t\t\t<\/span>\n\t\t\t\t\t\t<span class=\"elementor-button-text\">CV Empresarial<\/span>\n\t\t<\/span>\n\t\t\t\t\t<\/a>\n\t\t<\/div>\n\t\t\t\t<\/div>\n\t\t\t\t<\/div>\n\t\t\t\t\t<\/div>\n\t\t<\/div>\n\t\t\t\t\t\t\t<\/div>\n\t\t<\/section>\n\t\t\t\t<section class=\"elementor-section elementor-top-section elementor-element elementor-element-8b33444 third_bg_color elementor-section-boxed elementor-section-height-default elementor-section-height-default\" data-id=\"8b33444\" data-element_type=\"section\" data-settings=\"{&quot;background_background&quot;:&quot;classic&quot;}\">\n\t\t\t\t\t\t<div class=\"elementor-container elementor-column-gap-default\">\n\t\t\t\t\t<div class=\"elementor-column elementor-col-100 elementor-top-column elementor-element elementor-element-8b33c62\" data-id=\"8b33c62\" data-element_type=\"column\" data-settings=\"{&quot;background_background&quot;:&quot;classic&quot;}\">\n\t\t\t<div class=\"elementor-widget-wrap elementor-element-populated\">\n\t\t\t\t\t\t\t\t<div class=\"elementor-element elementor-element-8b3416e elementor-widget elementor-widget-vc_custom_heading\" data-id=\"8b3416e\" data-element_type=\"widget\" data-widget_type=\"vc_custom_heading.default\">\n\t\t\t\t<div class=\"elementor-widget-container\">\n\t\t\t<div class=\" vc_custom_heading  consulting_heading_font  text_align_left\" ><div style=\"font-size: 16px;color: #222222;text-align: left;font-weight:700\" class=\"consulting-custom-title\">Cont\u00e1ctanos\n<\/div><\/div>\t\t<\/div>\n\t\t\t\t<\/div>\n\t\t\t\t<div class=\"elementor-element elementor-element-8b34671 elementor-widget elementor-widget-text-editor\" data-id=\"8b34671\" data-element_type=\"widget\" data-widget_type=\"text-editor.default\">\n\t\t\t\t<div class=\"elementor-widget-container\">\n\t\t\t\t\t\t\t<p><span style=\"color: #ffffff;\"><span style=\"font-size: 13px;\">C<\/span>ont\u00e1ctanos a trav\u00e9s de nuestras l\u00edneas tel\u00e9fonicas, visita nuestra oficina central \u00f3 envia una consulta en l\u00ednea.<\/span><\/p>\n<pre id=\"tw-target-text\" class=\"tw-data-text tw-text-large tw-ta\" dir=\"ltr\" data-placeholder=\"Traducci\u00f3n\"><\/pre>\n\t\t\t\t\t\t<\/div>\n\t\t\t\t<\/div>\n\t\t\t\t<div class=\"elementor-element elementor-element-8b34ad1 elementor-widget__width-auto elementor-widget elementor-widget-button\" data-id=\"8b34ad1\" data-element_type=\"widget\" data-widget_type=\"button.default\">\n\t\t\t\t<div class=\"elementor-widget-container\">\n\t\t\t\t\t<div class=\"elementor-button-wrapper icon_align_left  \">\n\t\t\t<a href=\"https:\/\/alaro.com.mx\/index.php\/contacto-alaro\/\" class=\"elementor-button-link elementor-button elementor-size-sm\" role=\"button\">\n\t\t\t\t\t\t<span class=\"elementor-button-content-wrapper\">\n\t\t\t\t\t\t\t<span class=\"elementor-button-icon elementor-align-icon-left\">\n\t\t\t\t<i aria-hidden=\"true\" class=\"fa fa-phone-square\"><\/i>\t\t\t<\/span>\n\t\t\t\t\t\t<span class=\"elementor-button-text\">Cont\u00e1ctanos aqu\u00ed.<\/span>\n\t\t<\/span>\n\t\t\t\t\t<\/a>\n\t\t<\/div>\n\t\t\t\t<\/div>\n\t\t\t\t<\/div>\n\t\t\t\t\t<\/div>\n\t\t<\/div>\n\t\t\t\t\t\t\t<\/div>\n\t\t<\/section>\n\t\t\t\t<section class=\"elementor-section elementor-top-section elementor-element elementor-element-8b35636 elementor-section-boxed elementor-section-height-default elementor-section-height-default\" data-id=\"8b35636\" data-element_type=\"section\">\n\t\t\t\t\t\t<div class=\"elementor-container elementor-column-gap-default\">\n\t\t\t\t\t<div class=\"elementor-column elementor-col-100 elementor-top-column elementor-element elementor-element-8b35b09\" data-id=\"8b35b09\" data-element_type=\"column\">\n\t\t\t<div class=\"elementor-widget-wrap elementor-element-populated\">\n\t\t\t\t\t\t\t\t<div class=\"elementor-element elementor-element-8b35eec elementor-widget elementor-widget-stm_testimonials\" data-id=\"8b35eec\" data-element_type=\"widget\" data-widget_type=\"stm_testimonials.default\">\n\t\t\t\t<div class=\"elementor-widget-container\">\n\t\t\t\n\n\t\t\t<div class=\"stm_testimonials consulting_elementor_testimonials style_1\">\n\t\t\t\t\t\t\t<div class=\"item\">\n\t\t\t\t\t<div class=\"testimonial\"><p>Entrega r\u00e1pida y con buena atenci\u00f3n<\/p>\n<\/div>\n\t\t\t\t\t<div class=\"testimonial-info clearfix\">\n\t\t\t\t\t\t<div class=\"testimonial-image\"><\/div>\n\t\t\t\t\t\t<div class=\"testimonial-text\">\n\t\t\t\t\t\t\t<div class=\"name\">Cliente de Pre-Venta<\/div>\n\t\t\t\t\t\t\t<div class=\"company\">\n\t\t\t\t\t\t\tCliente de Pre-Venta, \t\t\t\t\t\t\t<\/div>\n\t\t\t\t\t\t<\/div>\n\t\t\t\t\t<\/div>\n\t\t\t\t<\/div>\n\t\t\t\t\t<\/div>\n\t\n\t\t\t<\/div>\n\t\t\t\t<\/div>\n\t\t\t\t\t<\/div>\n\t\t<\/div>\n\t\t\t\t\t\t\t<\/div>\n\t\t<\/section>\n\t\t\t\t\t\t\t<\/div>\n\t\t    \n<\/div>\t\t<\/div>\n\t\t\t\t<\/div>\n\t\t\t\t\t<\/div>\n\t\t<\/div>\n\t\t\t\t\t\t\t<\/div>\n\t\t<\/section>\n\t\t\t\t\t\t\t<\/div>\n\t\t","protected":false},"excerpt":{"rendered":"<p>forma parte de nuestro equipo Consulting WP is the name of a collection of individuals who believe in excellence. We specialize in hiring people who have the drive to succeed and the will to implement the discipline required to succeed. We focus on nurturing our team and providing our team an environment that is conductive<\/p>\n","protected":false},"author":1,"featured_media":0,"parent":0,"menu_order":0,"comment_status":"closed","ping_status":"closed","template":"","meta":{"om_disable_all_campaigns":false,"_monsterinsights_skip_tracking":false,"_monsterinsights_sitenote_active":false,"_monsterinsights_sitenote_note":"","_monsterinsights_sitenote_category":0},"aioseo_notices":[],"_links":{"self":[{"href":"https:\/\/alaro.com.mx\/index.php\/wp-json\/wp\/v2\/pages\/408"}],"collection":[{"href":"https:\/\/alaro.com.mx\/index.php\/wp-json\/wp\/v2\/pages"}],"about":[{"href":"https:\/\/alaro.com.mx\/index.php\/wp-json\/wp\/v2\/types\/page"}],"author":[{"embeddable":true,"href":"https:\/\/alaro.com.mx\/index.php\/wp-json\/wp\/v2\/users\/1"}],"replies":[{"embeddable":true,"href":"https:\/\/alaro.com.mx\/index.php\/wp-json\/wp\/v2\/comments?post=408"}],"version-history":[{"count":13,"href":"https:\/\/alaro.com.mx\/index.php\/wp-json\/wp\/v2\/pages\/408\/revisions"}],"predecessor-version":[{"id":8394,"href":"https:\/\/alaro.com.mx\/index.php\/wp-json\/wp\/v2\/pages\/408\/revisions\/8394"}],"wp:attachment":[{"href":"https:\/\/alaro.com.mx\/index.php\/wp-json\/wp\/v2\/media?parent=408"}],"curies":[{"name":"wp","href":"https:\/\/api.w.org\/{rel}","templated":true}]}}