{"id":6273,"date":"2019-11-26T12:21:32","date_gmt":"2019-11-26T12:21:32","guid":{"rendered":"http:\/\/consulting.stylemixthemes.com\/demo\/?page_id=6273"},"modified":"2022-07-25T01:11:09","modified_gmt":"2022-07-25T01:11:09","slug":"nuestro-alcance","status":"publish","type":"page","link":"https:\/\/alaro.com.mx\/index.php\/nuestro-alcance\/","title":{"rendered":"Nuestro Alcance"},"content":{"rendered":"\t\t<div data-elementor-type=\"wp-page\" data-elementor-id=\"6273\" class=\"elementor elementor-6273\">\n\t\t\t\t\t\t\t\t\t<section class=\"elementor-section elementor-top-section elementor-element elementor-element-86062bb elementor-section-boxed elementor-section-height-default elementor-section-height-default\" data-id=\"86062bb\" data-element_type=\"section\">\n\t\t\t\t\t\t<div class=\"elementor-container elementor-column-gap-default\">\n\t\t\t\t\t<div class=\"elementor-column elementor-col-100 elementor-top-column elementor-element elementor-element-8606876\" data-id=\"8606876\" data-element_type=\"column\">\n\t\t\t<div class=\"elementor-widget-wrap elementor-element-populated\">\n\t\t\t\t\t\t\t\t<div class=\"elementor-element elementor-element-8606d77 elementor-widget elementor-widget-stm_portfolio\" data-id=\"8606d77\" data-element_type=\"widget\" data-widget_type=\"stm_portfolio.default\">\n\t\t\t\t<div class=\"elementor-widget-container\">\n\t\t\t\n<div class=\"portfolio_box consulting_elementor_portfolio style_3\">\n        <div class=\"stm_portfolio_grid consulting_elementor_portfolio style_3\">\n                    \n<div class=\"item all distribucion logistica venta-directa\">\n            <a href=\"https:\/\/alaro.com.mx\/index.php\/portfolio\/zona-norte-de-vercaruz\/\">\n            <span class=\"item_thumbnail has-thumbnail\">\n                        <img width=\"900\" height=\"640\" src=\"https:\/\/alaro.com.mx\/wp-content\/uploads\/2019\/09\/GRUPO-ALARO_ZONA_NORTE_VERACRUZ-900x640.png\" class=\"attachment-consulting-image-900x640-croped\" alt=\"grupo alaro zona norte de veracruz\" title=\"GRUPO ALARO_ZONA_NORTE_VERACRUZ\" srcset=\"https:\/\/alaro.com.mx\/wp-content\/uploads\/2019\/09\/GRUPO-ALARO_ZONA_NORTE_VERACRUZ-900x640.png 900w, https:\/\/alaro.com.mx\/wp-content\/uploads\/2019\/09\/GRUPO-ALARO_ZONA_NORTE_VERACRUZ-350x250.png 350w, https:\/\/alaro.com.mx\/wp-content\/uploads\/2019\/09\/GRUPO-ALARO_ZONA_NORTE_VERACRUZ-255x182.png 255w\" sizes=\"(max-width: 900px) 100vw, 900px\" \/>            <\/span>\n            <span class=\"bottom-box\">\n                <span class=\"portfolio-title stm_base_text_color\">Zona Norte de Veracruz<\/span>\n                                    <span class=\"portfolio-category stm_base_text_color\">Distribuci\u00f3n<\/span>\n                            <\/span>\n        <\/a>\n    <\/div>                    \n<div class=\"item all distribucion logistica venta-directa\">\n            <a href=\"https:\/\/alaro.com.mx\/index.php\/portfolio\/autoservicios-region-1\/\">\n            <span class=\"item_thumbnail has-thumbnail\">\n                        <img width=\"900\" height=\"640\" src=\"https:\/\/alaro.com.mx\/wp-content\/uploads\/2019\/09\/GRUPO_ALARO_AUTOSERVICIOS-900x640.png\" class=\"attachment-consulting-image-900x640-croped\" alt=\"autoservicios\" title=\"GRUPO_ALARO_AUTOSERVICIOS\" srcset=\"https:\/\/alaro.com.mx\/wp-content\/uploads\/2019\/09\/GRUPO_ALARO_AUTOSERVICIOS-900x640.png 900w, https:\/\/alaro.com.mx\/wp-content\/uploads\/2019\/09\/GRUPO_ALARO_AUTOSERVICIOS-350x250.png 350w, https:\/\/alaro.com.mx\/wp-content\/uploads\/2019\/09\/GRUPO_ALARO_AUTOSERVICIOS-255x182.png 255w\" sizes=\"(max-width: 900px) 100vw, 900px\" \/>            <\/span>\n            <span class=\"bottom-box\">\n                <span class=\"portfolio-title stm_base_text_color\">Autoservicios Regi\u00f3n 1<\/span>\n                                    <span class=\"portfolio-category stm_base_text_color\">Distribuci\u00f3n<\/span>\n                            <\/span>\n        <\/a>\n    <\/div>                    \n<div class=\"item all distribucion logistica venta-directa\">\n            <a href=\"https:\/\/alaro.com.mx\/index.php\/portfolio\/autoservicios-region-2\/\">\n            <span class=\"item_thumbnail has-thumbnail\">\n                        <img width=\"900\" height=\"640\" src=\"https:\/\/alaro.com.mx\/wp-content\/uploads\/2019\/09\/GRUPO_ALARO_AUTOSERVICIOS_3-900x640.png\" class=\"attachment-consulting-image-900x640-croped\" alt=\"autoservicios\" title=\"GRUPO_ALARO_AUTOSERVICIOS_3\" srcset=\"https:\/\/alaro.com.mx\/wp-content\/uploads\/2019\/09\/GRUPO_ALARO_AUTOSERVICIOS_3-900x640.png 900w, https:\/\/alaro.com.mx\/wp-content\/uploads\/2019\/09\/GRUPO_ALARO_AUTOSERVICIOS_3-350x250.png 350w, https:\/\/alaro.com.mx\/wp-content\/uploads\/2019\/09\/GRUPO_ALARO_AUTOSERVICIOS_3-255x182.png 255w\" sizes=\"(max-width: 900px) 100vw, 900px\" \/>            <\/span>\n            <span class=\"bottom-box\">\n                <span class=\"portfolio-title stm_base_text_color\">Autoservicios Regi\u00f3n 2<\/span>\n                                    <span class=\"portfolio-category stm_base_text_color\">Distribuci\u00f3n<\/span>\n                            <\/span>\n        <\/a>\n    <\/div>                    \n<div class=\"item all distribucion logistica venta-directa\">\n            <a href=\"https:\/\/alaro.com.mx\/index.php\/portfolio\/autoservicios-region-3\/\">\n            <span class=\"item_thumbnail has-thumbnail\">\n                        <img width=\"900\" height=\"640\" src=\"https:\/\/alaro.com.mx\/wp-content\/uploads\/2019\/09\/GRUPO_ALARO_AUTOSERVICIOS_2-900x640.png\" class=\"attachment-consulting-image-900x640-croped\" alt=\"autoservicios\" title=\"GRUPO_ALARO_AUTOSERVICIOS_2\" srcset=\"https:\/\/alaro.com.mx\/wp-content\/uploads\/2019\/09\/GRUPO_ALARO_AUTOSERVICIOS_2-900x640.png 900w, https:\/\/alaro.com.mx\/wp-content\/uploads\/2019\/09\/GRUPO_ALARO_AUTOSERVICIOS_2-350x250.png 350w, https:\/\/alaro.com.mx\/wp-content\/uploads\/2019\/09\/GRUPO_ALARO_AUTOSERVICIOS_2-255x182.png 255w\" sizes=\"(max-width: 900px) 100vw, 900px\" \/>            <\/span>\n            <span class=\"bottom-box\">\n                <span class=\"portfolio-title stm_base_text_color\">Autoservicios Regi\u00f3n 3<\/span>\n                                    <span class=\"portfolio-category stm_base_text_color\">Distribuci\u00f3n<\/span>\n                            <\/span>\n        <\/a>\n    <\/div>                    \n<div class=\"item all distribucion logistica venta-directa\">\n            <a href=\"https:\/\/alaro.com.mx\/index.php\/portfolio\/zona-de-puebla\/\">\n            <span class=\"item_thumbnail has-thumbnail\">\n                        <img width=\"900\" height=\"640\" src=\"https:\/\/alaro.com.mx\/wp-content\/uploads\/2019\/09\/GRUPO_ALARO_PUEBLA-900x640.png\" class=\"attachment-consulting-image-900x640-croped\" alt=\"zona del estado de puebla\" title=\"GRUPO_ALARO_PUEBLA\" srcset=\"https:\/\/alaro.com.mx\/wp-content\/uploads\/2019\/09\/GRUPO_ALARO_PUEBLA-900x640.png 900w, https:\/\/alaro.com.mx\/wp-content\/uploads\/2019\/09\/GRUPO_ALARO_PUEBLA-350x250.png 350w, https:\/\/alaro.com.mx\/wp-content\/uploads\/2019\/09\/GRUPO_ALARO_PUEBLA-255x182.png 255w\" sizes=\"(max-width: 900px) 100vw, 900px\" \/>            <\/span>\n            <span class=\"bottom-box\">\n                <span class=\"portfolio-title stm_base_text_color\">Zona del Estado de Puebla<\/span>\n                                    <span class=\"portfolio-category stm_base_text_color\">Distribuci\u00f3n<\/span>\n                            <\/span>\n        <\/a>\n    <\/div>                    <\/div>\n                <\/div>\n<script type=\"text\/javascript\">\n    jQuery(document).ready(function ($) {\n        var $container = $(\".stm_portfolio_grid\");\n        var originLeft = true;\n        if ($(\"body\").hasClass(\"rtl\")) {\n            originLeft = false;\n        }\n        $container.isotope({\n            layoutMode: \"packery\",\n            itemSelector: \".item\",\n            transitionDuration: \"0.7s\",\n            gutter: 10,\n            isOriginLeft: originLeft,\n                    });\n        $container.imagesLoaded().progress(function () {\n            $container.isotope(\"layout\");\n        });\n        $container.isotope(\"layout\");\n\n        $(document).on(\"click\", \".portfolio_load_more_btn\", function (e) {\n            e.preventDefault();\n            var page = $(this).attr(\"data-page\");\n            var load_by = $(this).attr(\"data-load\");\n            var category = $(this).attr('data-category');\n            var style = $(this).attr('data-style');\n            $.ajax({\n                url: ajaxurl,\n                type: \"POST\",\n                dataType: \"json\",\n                data: \"&page=\" + page + \"&load_by=\" + load_by + \"&category=\" + category + \"&style=\" + style + \"&action=stm_ajax_load_portfolio&security=\" + stm_ajax_load_portfolio,\n                context: this,\n                beforeSend: function (data) {\n                    $(this).parent().addClass(\"portfolio_posts_loading\");\n                },\n                success: function (data) {\n                    $(this).parent().removeClass(\"portfolio_posts_loading\");\n                    if (data.html) {\n                        var $items = $(data.html);\n                        $(\".stm_portfolio_grid\").append($items).isotope(\"appended\", $items, false);\n                        stm_sort_portfolio();\n                    }\n                    $(this).attr(\"data-page\", data.new_page);\n                    if (!data.load_more) {\n                        $(this).remove();\n                        $(\".portfolio_btn_box\").remove();\n                    }\n                }\n            });\n        });\n\n        function stm_sort_portfolio() {\n            \/\/ Init Isotope\n            if ($(\".stm_portfolio\").length) {\n                $(\".stm_portfolio\").isotope({\n                    itemSelector: \".item\",\n                    layoutMode: \"packery\"\n                });\n            }\n        }\n        if($container.closest('.vc_tta').length > 0){\n            $('.vc_tta-tab > a').on('click', function () {\n                setTimeout(function () {\n                    $container.isotope(\"layout\");\n                    stm_sort_portfolio();\n                }, 300);\n            })\n        }\n\n        $('.portfolio_box .category_filter a').on('click', function () {\n            var i = 0;\n            $(this).closest('ul').find('li.active').removeClass('active');\n            $(this).parent().addClass('active');\n            var sort = $(this).attr('href');\n            sort = sort.substring(1);\n                        $container.isotope({\n                filter: '.' + sort\n            });\n                        return false;\n        });\n    });\n<\/script>\t\t<\/div>\n\t\t\t\t<\/div>\n\t\t\t\t\t<\/div>\n\t\t<\/div>\n\t\t\t\t\t\t\t<\/div>\n\t\t<\/section>\n\t\t\t\t\t\t\t<\/div>\n\t\t","protected":false},"excerpt":{"rendered":"<p>Zona Norte de Veracruz Distribuci\u00f3n Autoservicios Region 1 Distribuci\u00f3n Autoservicios Region 2 Distribuci\u00f3n Omnichannel strategy boosts fashion company Financial Services Construction of railways Advanced Analytics Negotiations with partners Surface Transport &amp; Logistics Construction of new buildings Financial Services Construction of a new plant Surface Transport &amp; Logistics<\/p>\n","protected":false},"author":1,"featured_media":0,"parent":0,"menu_order":0,"comment_status":"closed","ping_status":"closed","template":"","meta":{"om_disable_all_campaigns":false,"_monsterinsights_skip_tracking":false,"_monsterinsights_sitenote_active":false,"_monsterinsights_sitenote_note":"","_monsterinsights_sitenote_category":0},"aioseo_notices":[],"_links":{"self":[{"href":"https:\/\/alaro.com.mx\/index.php\/wp-json\/wp\/v2\/pages\/6273"}],"collection":[{"href":"https:\/\/alaro.com.mx\/index.php\/wp-json\/wp\/v2\/pages"}],"about":[{"href":"https:\/\/alaro.com.mx\/index.php\/wp-json\/wp\/v2\/types\/page"}],"author":[{"embeddable":true,"href":"https:\/\/alaro.com.mx\/index.php\/wp-json\/wp\/v2\/users\/1"}],"replies":[{"embeddable":true,"href":"https:\/\/alaro.com.mx\/index.php\/wp-json\/wp\/v2\/comments?post=6273"}],"version-history":[{"count":5,"href":"https:\/\/alaro.com.mx\/index.php\/wp-json\/wp\/v2\/pages\/6273\/revisions"}],"predecessor-version":[{"id":7895,"href":"https:\/\/alaro.com.mx\/index.php\/wp-json\/wp\/v2\/pages\/6273\/revisions\/7895"}],"wp:attachment":[{"href":"https:\/\/alaro.com.mx\/index.php\/wp-json\/wp\/v2\/media?parent=6273"}],"curies":[{"name":"wp","href":"https:\/\/api.w.org\/{rel}","templated":true}]}}